{"id":14,"date":"2021-05-03T14:16:07","date_gmt":"2021-05-03T14:16:07","guid":{"rendered":"https:\/\/living-language-land.org\/?page_id=14"},"modified":"2021-11-11T11:48:58","modified_gmt":"2021-11-11T11:48:58","slug":"partners","status":"publish","type":"page","link":"https:\/\/living-language-land.org\/es\/partners\/","title":{"rendered":"Socios"},"content":{"rendered":"<h2 class=\"has-brown-color has-text-color wp-block-heading\">Contributors and artists<\/h2>\n\n\n\n<figure class=\"wp-block-table is-style-regular\"><table><tbody><tr><td><a rel=\"noreferrer noopener\" href=\"https:\/\/pedagogiasancestralesblog.wordpress.com\/\" target=\"_blank\">Cesar <\/a><a rel=\"noreferrer noopener\" href=\"https:\/\/co.linkedin.com\/in\/cesar-s\u00e1nchez-le\u00f3n-5440331b8\" target=\"_blank\">Sanchez<\/a><a rel=\"noreferrer noopener\" href=\"https:\/\/pedagogiasancestralesblog.wordpress.com\/\" target=\"_blank\"> Le\u00f3n<\/a><\/td><td class=\"has-text-align-left\" data-align=\"left\">Miembro fundador de CONA \u2013 Pedagog\u00edas Ancestrales; Profesor y experto en lengua Muisca<\/td><td>Muisca\/Colombia<\/td><\/tr><tr><td><a href=\"http:\/\/www.michaelis.uct.ac.za\/fin\/people\/academic-staff\/mackenny\" target=\"_blank\" rel=\"noreferrer noopener\">Virginia MacKenny<\/a><\/td><td class=\"has-text-align-left\" data-align=\"left\">Artista y profesora asociada de pintura en la Universidad de Ciudad del Cabo<\/td><td>Sud\u00e1frica<\/td><\/tr><tr><td><a href=\"https:\/\/www.linguapax.org\/en\/matthias-brenzinger-winner-of-the-international-linguapax-award-2017\/\" data-type=\"URL\" data-id=\"https:\/\/www.linguapax.org\/en\/matthias-brenzinger-winner-of-the-international-linguapax-award-2017\/\" target=\"_blank\" rel=\"noreferrer noopener\">Matthias Brenzinger<\/a><\/td><td class=\"has-text-align-left\" data-align=\"left\">Experto en lenguas africanas, trabajando con los Khwe desde 1996; Afiliado de la Universidad del Estado Libre, Sud\u00e1frica.<\/td><td>Khwe\/Namibia<\/td><\/tr><tr><td><a href=\"http:\/\/www.sheenashah.co.uk\/\" target=\"_blank\" rel=\"noreferrer noopener\">Sheena Shah<\/a><\/td><td class=\"has-text-align-left\" data-align=\"left\">Ling\u00fcista acad\u00e9mico que trabaja en el Departamento de Estudios Africanos y Et\u00edopes de la\u00a0<a rel=\"noreferrer noopener\" href=\"https:\/\/www.uni-hamburg.de\/en.html\" target=\"_blank\">Universidad de Hamburgo<\/a>\u00a0(Alemania)<\/td><td>Khwe\/Namibia<\/td><\/tr><tr><td>Clemy Humphrey<\/td><td class=\"has-text-align-left\" data-align=\"left\">Redes Sociales del proyecto<\/td><td>UK<\/td><\/tr><tr><td>Daniel Tarazona<\/td><td class=\"has-text-align-left\" data-align=\"left\">Redes Sociales del proyecto<\/td><td>Colombia<\/td><\/tr><tr><td><a href=\"https:\/\/www.macfound.org\/fellows\/class-of-2010\/jessie-little-doe-baird\" target=\"_blank\" rel=\"noreferrer noopener\">Jessie Little Doe Baird<\/a><\/td><td class=\"has-text-align-left\" data-align=\"left\">Proyecto de Revitalizaci\u00f3n del Idioma Wampanoag; inspiraci\u00f3n del proyecto<\/td><td>Wampanoag\/USA<\/td><\/tr><tr><td><a href=\"https:\/\/www.robinwallkimmerer.com\" target=\"_blank\" rel=\"noreferrer noopener\">Robin Wall Kimmerer<\/a><\/td><td class=\"has-text-align-left\" data-align=\"left\">Reconocida ecologista y autora; inspiraci\u00f3n del proyecto<\/td><td>Potowatomi\/USA<\/td><\/tr><tr><td><a href=\"https:\/\/www.joangabie.com\/about\" target=\"_blank\" rel=\"noreferrer noopener\">Joan Gabie<\/a><\/td><td class=\"has-text-align-left\" data-align=\"left\">Artista<\/td><td>UK<\/td><\/tr><tr><td>Facundo Saravia<\/td><td class=\"has-text-align-left\" data-align=\"left\">Profesor y experto en lengua Muisca<\/td><td>Muisca\/Colombia<\/td><\/tr><tr><td>Diana Castillo<\/td><td class=\"has-text-align-left\" data-align=\"left\">Comunidad Muisca CONA &#8211; Pedagog\u00edas Ancestrales<\/td><td>Muisca\/Colombia<\/td><\/tr><tr><td>Stefanny Contreras<\/td><td class=\"has-text-align-left\" data-align=\"left\">Comunidad Muisca CONA &#8211; Pedagog\u00edas Ancestrales<\/td><td>Muisca\/Colombia<\/td><\/tr><tr><td>Michael Ram\u00edrez<\/td><td class=\"has-text-align-left\" data-align=\"left\">Comunidad Muisca CONA &#8211; Pedagog\u00edas Ancestrales<\/td><td>Muisca\/Colombia<\/td><\/tr><tr><td>Nicolas Acosta<\/td><td class=\"has-text-align-left\" data-align=\"left\">Comunidad Muisca CONA &#8211; Pedagog\u00edas Ancestrales<\/td><td>Muisca\/Colombia<\/td><\/tr><tr><td><a href=\"https:\/\/www.humansandnature.org\/tiokasin-ghosthorse\" target=\"_blank\" rel=\"noreferrer noopener\">Tiokasin Ghosthorse<\/a><\/td><td class=\"has-text-align-left\" data-align=\"left\">Conferencista internacional sobre la perspectiva de la Paz, los Ind\u00edgenas y la Madre Tierra; locutor y productor de First Voices Radio<\/td><td>Lakota\/USA<\/td><\/tr><tr><td>Sylvia Vollenhoven<\/td><td class=\"has-text-align-left\" data-align=\"left\">Escritora, periodista galardonada y cineasta<\/td><td>|Xam\/Sud\u00e1frica<\/td><\/tr><tr><td><a href=\"https:\/\/thewire.in\/author\/prigzin\" target=\"_blank\" rel=\"noreferrer noopener\">Padma Rigzin<\/a><\/td><td class=\"has-text-align-left\" data-align=\"left\">Estudiante de doctorado en Sociolog\u00eda; periodista<\/td><td>Ladakhi\/India<\/td><\/tr><tr><td><a rel=\"noreferrer noopener\" href=\"https:\/\/www.instagram.com\/willowturtle\/\" target=\"_blank\">Tsetan Angmo<\/a><\/td><td class=\"has-text-align-left\" data-align=\"left\">Artista<\/td><td>Ladakhi\/India<\/td><\/tr><tr><td><a href=\"https:\/\/www.linkedin.com\/in\/malcolm-maclean-73b2426\/?originalSubdomain=uk\" target=\"_blank\" rel=\"noreferrer noopener\">Malcolm Maclean<\/a><\/td><td class=\"has-text-align-left\" data-align=\"left\">Artista visual; consultor de arte y patrimonio<\/td><td>Gaelico\/UK<\/td><\/tr><tr><td><a rel=\"noreferrer noopener\" href=\"https:\/\/www.researchgate.net\/profile\/Aldrin-Lee\" target=\"_blank\">Aldrin P. Lee<\/a><\/td><td class=\"has-text-align-left\" data-align=\"left\">Profesor de Ling\u00fc\u00edstica; Presidente de la Asociaci\u00f3n de Ling\u00fc\u00edstica de Filipinas<\/td><td>Cuyonon\/Filipinas<\/td><\/tr><tr><td><a href=\"https:\/\/www.royalscottishacademy.org\/members\/arthur-watson\/\" target=\"_blank\" rel=\"noreferrer noopener\">Arthur Watson<\/a><\/td><td class=\"has-text-align-left\" data-align=\"left\">Artista y M\u00fasico<\/td><td>D\u00f3rico\/UK<\/td><\/tr><tr><td><a href=\"http:\/\/www.katrinaporteous.co.uk\/\" target=\"_blank\" rel=\"noreferrer noopener\">Katrina Porteous<\/a><\/td><td class=\"has-text-align-left\" data-align=\"left\">Poeta, historiadora y locutora<\/td><td>Nortumbria\/UK<\/td><\/tr><tr><td>Elinor Gwynn<\/td><td class=\"has-text-align-left\" data-align=\"left\">Poeta, artista, estudiante de doctorado, Oficial de Patrimonio Ling\u00fc\u00edstico<\/td><td>Gal\u00e9s\/UK<\/td><\/tr><tr><td><a href=\"https:\/\/ahc.leeds.ac.uk\/languages\/staff\/151\/janet-c-e-watson\" target=\"_blank\" rel=\"noreferrer noopener\">Janet W<\/a><a href=\"https:\/\/ahc.leeds.ac.uk\/languages\/staff\/151\/janet-c-e-watson\">atson<\/a><\/td><td class=\"has-text-align-left\" data-align=\"left\">Profesora de Ling\u00fc\u00edstica y experta en lengua del sur de Arabia; Codirectora del Centro de Lenguas, Culturas y Ecosistemas en Peligro de la Universidad de Leeds<\/td><td>Mehri\/UK<\/td><\/tr><tr><td><a href=\"https:\/\/www.researchgate.net\/profile\/Shameem-Oozeerally\" target=\"_blank\" rel=\"noreferrer noopener\">Shameem Oozeerally<\/a><\/td><td class=\"has-text-align-left\" data-align=\"left\">Instituto de Educaci\u00f3n de Mauricio<\/td><td>Kreol Morisien\/Mauricio<\/td><\/tr><tr><td>Helina Hookoomsing<\/td><td class=\"has-text-align-left\" data-align=\"left\">Instituto de Educaci\u00f3n de Mauricio<\/td><td>Kreol Morisien\/Mauricio<\/td><\/tr><tr><td><a href=\"https:\/\/www.linkedin.com\/in\/datu-lanelio-sangcoan-a16a2988\/\" target=\"_blank\" rel=\"noreferrer noopener\">Datu Lanelio Sangcoan<\/a><\/td><td class=\"has-text-align-left\" data-align=\"left\">Guerrero del bosque; Presidente Fundador\/L\u00edder Tribal -Tribes and Natures Defenders<\/td><td>Higaonon\/Filipinas<\/td><\/tr><tr><td><a href=\"https:\/\/andes.org.pe\" target=\"_blank\" rel=\"noreferrer noopener\">Asociacion ANDES<\/a><\/td><td class=\"has-text-align-left\" data-align=\"left\">Asociaci\u00f3n para la Naturaleza y el Desarrollo Sostenible, Cusco, Per\u00fa<\/td><td>Quechua\/Per\u00fa<\/td><\/tr><tr><td>Marie-Emilie Lacroix<\/td><td class=\"has-text-align-left\" data-align=\"left\">Autora, partera, maestra, trabajadora social y activista innu<\/td><td>Innu\/Canada<\/td><\/tr><tr><td><a href=\"https:\/\/www.budi-anumka.org\">Fernando Quilaqueo<\/a><\/td><td class=\"has-text-align-left\" data-align=\"left\">L\u00edder mapuche y miembro de la Asociaci\u00f3n Ambiental Budi Anumka, Lago Budi, Chile<\/td><td>Mapuche\/Chile<\/td><\/tr><tr><td><a href=\"http:\/\/www.maplemicrodevelopment.org\" target=\"_blank\" rel=\"noreferrer noopener\">Alison Guzman e Ignacio Krell<\/a><\/td><td class=\"has-text-align-left\" data-align=\"left\">Maple Microdevelopment, Chile<\/td><td>Chile<\/td><\/tr><tr><td>Emperatriz Lopez<\/td><td class=\"has-text-align-left\" data-align=\"left\">Abuela tradicional del pueblo Murui Muina, Solano, Caquet\u00e1, Colombia<\/td><td>Murui Muina (Uitoto)\/Colombia<\/td><\/tr><tr><td><a href=\"https:\/\/www.google.com\/url?sa=t&amp;rct=j&amp;q=&amp;esrc=s&amp;source=web&amp;cd=&amp;cad=rja&amp;uact=8&amp;ved=2ahUKEwiKvMb66dvzAhVLRBoKHcFZBG4QFnoECAIQAQ&amp;url=https%3A%2F%2Fderyaagis.weebly.com%2F&amp;usg=AOvVaw30lt-7WQ0VsPKACAJtoc_e\" target=\"_blank\" rel=\"noreferrer noopener\">Derya Agis<\/a><\/td><td class=\"has-text-align-left\" data-align=\"left\">Antrop\u00f3loga, ling\u00fcista, literata e historiadora.<\/td><td>Ladino\/Turqu\u00eda<\/td><\/tr><tr><td><a href=\"https:\/\/www.facebook.com\/vigadesarhua\/\" target=\"_blank\" rel=\"noreferrer noopener\">Violeta Quispe Yupari<\/a><\/td><td class=\"has-text-align-left\" data-align=\"left\">Artista y activista Quechua<\/td><td>Quechua\/Per\u00fa<\/td><\/tr><tr><td><a href=\"https:\/\/www.google.com\/url?sa=t&amp;rct=j&amp;q=&amp;esrc=s&amp;source=web&amp;cd=&amp;cad=rja&amp;uact=8&amp;ved=2ahUKEwjZjrfV69vzAhX0B2MBHbmKCjcQFnoECAkQAQ&amp;url=https%3A%2F%2Fes-la.facebook.com%2FYessicaSanchezOficial%2F&amp;usg=AOvVaw3AKao23cvTWrIO4eGs20yy\" target=\"_blank\" rel=\"noreferrer noopener\">Yessica Sanchez Comanti<\/a><\/td><td class=\"has-text-align-left\" data-align=\"left\">Cantante y activista Ashaninka<\/td><td>Ashaninka\/Peru<\/td><\/tr><tr><td><a href=\"http:\/\/chirapaq.org.pe\/es\/\" target=\"_blank\" rel=\"noreferrer noopener\">Diego Castillo y Claudia Mirosska<\/a><\/td><td class=\"has-text-align-left\" data-align=\"left\">Chirapaq \u2013 Centro de Culturas Ind\u00edgenas del Per\u00fa, Lima, Per\u00fa<\/td><td>Peru<\/td><\/tr><tr><td><\/td><td class=\"has-text-align-left\" data-align=\"left\"><\/td><td><\/td><\/tr><\/tbody><\/table><\/figure>\n\n\n\n<h2 class=\"has-brown-color has-text-color wp-block-heading\">Colaboradores y conectores<\/h2>\n\n\n\n<figure class=\"wp-block-table is-style-regular\"><table><tbody><tr><td>David Gillett<\/td><td>UK<\/td><\/tr><tr><td>Mark Hall<\/td><td>UK\/Colombia<\/td><\/tr><tr><td>David Owen<\/td><td>UK<\/td><\/tr><tr><td>Mireia Bes<\/td><td>Catalu\u00f1a\/UK<\/td><\/tr><tr><td>Peter Lipman<\/td><td>UK<\/td><\/tr><tr><td>Alnoor Ladha<\/td><td>Costa Rica<\/td><\/tr><tr><td>Felipe Viveros<\/td><td>UK<\/td><\/tr><tr><td>Srishtee Bajpai<\/td><td>India<\/td><\/tr><tr><td>Olivia Kingsford<\/td><td>Canada\/UK<\/td><\/tr><tr><td>Pippa Skotnes<\/td><td>Sud\u00e1frica<\/td><\/tr><tr><td>Lesley Green<\/td><td>Sud\u00e1frica<\/td><\/tr><tr><td>Chris Sowton<\/td><td>UK<\/td><\/tr><tr><td>Monica Amador<\/td><td>Colombia\/UK<\/td><\/tr><tr><td>Naomi Millner<\/td><td>UK\/Colombia<\/td><\/tr><tr><td>Suprabha Seshan<\/td><td>India<\/td><\/tr><tr><td>Danica Salazar<\/td><td>UK\/Filipinas<\/td><\/tr><tr><td>Arran Stibbe<\/td><td>UK<\/td><\/tr><tr><td>Mariana Roccia<\/td><td>UK<\/td><\/tr><tr><td>Lois Barton<\/td><td>UK\/Chile<\/td><\/tr><tr><td>Paul Merchant<\/td><td>UK\/Chile\/Peru<\/td><\/tr><tr><td>Karen Tucker<\/td><td>UK\/Peru<\/td><\/tr><tr><td>Tim Scoones<\/td><td>UK<\/td><\/tr><tr><td>Susan Christie<\/td><td>Escocia\/UK<\/td><\/tr><tr><td>Kara de los Reyes<\/td><td>UK\/Filipinas<\/td><\/tr><tr><td>Eleanor Harding<\/td><td>Gales\/UK<\/td><\/tr><tr><td>Hawys Dafis<\/td><td>Gales\/UK<\/td><\/tr><tr><td><a href=\"https:\/\/livingtongues.org\" target=\"_blank\" rel=\"noreferrer noopener\">Living Tongues Institute<\/a><\/td><td>USA\/global<\/td><\/tr><\/tbody><\/table><\/figure>","protected":false},"excerpt":{"rendered":"<p>Contributors and artists Cesar Sanchez Le\u00f3n Founding member of CONA &#8211; Pedagogias Ancestrales; Muisca language teacher and expert Muisca\/Colombia Virginia MacKenny Artist and Associate Professor of Painting at University of Cape Town South Africa Matthias Brenzinger Expert in African languages, working with the Khwe since 1996; Affiliate of the University of the Free State, South [&hellip;]<\/p>\n","protected":false},"author":1,"featured_media":0,"parent":0,"menu_order":0,"comment_status":"closed","ping_status":"closed","template":"","meta":{"_acf_changed":false,"footnotes":""},"class_list":["post-14","page","type-page","status-publish","hentry"],"acf":[],"_links":{"self":[{"href":"https:\/\/living-language-land.org\/es\/wp-json\/wp\/v2\/pages\/14","targetHints":{"allow":["GET"]}}],"collection":[{"href":"https:\/\/living-language-land.org\/es\/wp-json\/wp\/v2\/pages"}],"about":[{"href":"https:\/\/living-language-land.org\/es\/wp-json\/wp\/v2\/types\/page"}],"author":[{"embeddable":true,"href":"https:\/\/living-language-land.org\/es\/wp-json\/wp\/v2\/users\/1"}],"replies":[{"embeddable":true,"href":"https:\/\/living-language-land.org\/es\/wp-json\/wp\/v2\/comments?post=14"}],"version-history":[{"count":23,"href":"https:\/\/living-language-land.org\/es\/wp-json\/wp\/v2\/pages\/14\/revisions"}],"predecessor-version":[{"id":563,"href":"https:\/\/living-language-land.org\/es\/wp-json\/wp\/v2\/pages\/14\/revisions\/563"}],"wp:attachment":[{"href":"https:\/\/living-language-land.org\/es\/wp-json\/wp\/v2\/media?parent=14"}],"curies":[{"name":"wp","href":"https:\/\/api.w.org\/{rel}","templated":true}]}}