{"id":8,"date":"2021-05-03T14:14:44","date_gmt":"2021-05-03T14:14:44","guid":{"rendered":"https:\/\/living-language-land.org\/?page_id=8"},"modified":"2021-11-18T16:29:26","modified_gmt":"2021-11-18T16:29:26","slug":"about","status":"publish","type":"page","link":"https:\/\/living-language-land.org\/es\/about\/","title":{"rendered":"Sobre"},"content":{"rendered":"<h2 class=\"wp-block-heading\">Declaraci\u00f3n de intenciones y enfoque<\/h2>\n\n\n\n<p><strong>living-language-land<\/strong> se trata de ofrecer una plataforma a los hablantes de lenguas minoritarias y en peligro de extinci\u00f3n para compartir una palabra e historia que refleje una relaci\u00f3n con la tierra y la naturaleza. Se trata de ampliar el l\u00e9xico que podemos utilizar al reflexionar sobre esas relaciones.\u00a0<\/p>\n\n\n\n<p>Hemos invitado contribuciones de todo el mundo, reconociendo que solo una peque\u00f1a fracci\u00f3n de las lenguas minoritarias y en peligro de extinci\u00f3n pueden estar representadas en este proyecto. Todas las contribuciones han sido creadas por las propias comunidades, y todos los contribuyentes han recibido alguna compensaci\u00f3n para apoyar su trabajo m\u00e1s amplio. Las contribuciones se comparten bajo una <a href=\"http:\/\/creativecommons.org\/licenses\/by-nc-sa\/4.0\/\">Creative Commons Attribution-NonCommercial-ShareAlike 4.0 International License<\/a>, a menos que se indique lo contrario. La atribuci\u00f3n a los autores es esencial - Gracias!<\/p>\n\n\n\n<p>Reconocemos que perdura el privilegio resultante de las pr\u00e1cticas coloniales y asumimos la responsabilidad de descolonizar nuestro pensamiento. Hemos utilizado una amplia consulta y autorreflexi\u00f3n continua para llevar a cabo este proyecto de una manera que apunta al respeto de todos los pueblos y conocimientos. Por favor dejennos saber lo que piensan.<\/p>\n\n\n\n<h2 class=\"wp-block-heading\"><strong>\u00bfQui\u00e9n est\u00e1 detr\u00e1s del proyecto?<\/strong><\/h2>\n\n\n\n<p><strong>living-language-land<\/strong> fue ideado por <a rel=\"noreferrer noopener\" href=\"https:\/\/www.nevillegabie.com\" data-type=\"URL\" data-id=\"https:\/\/www.nevillegabie.com\" target=\"_blank\">Neville Gabie<\/a> y <a rel=\"noreferrer noopener\" href=\"https:\/\/uk.linkedin.com\/in\/philippa-bayley-83b5a415\" data-type=\"URL\" data-id=\"https:\/\/uk.linkedin.com\/in\/philippa-bayley-83b5a415\" target=\"_blank\">Philippa Bayley<\/a> (Reino Unido) en estrecha colaboraci\u00f3n con nuestros socios, <a rel=\"noreferrer noopener\" href=\"https:\/\/co.linkedin.com\/in\/cesar-s\u00e1nchez-le\u00f3n-5440331b8\" data-type=\"URL\" data-id=\"https:\/\/co.linkedin.com\/in\/cesar-s\u00e1nchez-le\u00f3n-5440331b8\" target=\"_blank\">Cesar S\u00e1nchez Le\u00f3n<\/a> (Colombia), <a href=\"http:\/\/www.michaelis.uct.ac.za\/fin\/people\/academic-staff\/mackenny\" data-type=\"URL\" data-id=\"http:\/\/www.michaelis.uct.ac.za\/fin\/people\/academic-staff\/mackenny\" target=\"_blank\" rel=\"noreferrer noopener\">Virginia MacKenny<\/a> (Sud\u00e1frica) y <a href=\"https:\/\/www.linguapax.org\/en\/matthias-brenzinger-winner-of-the-international-linguapax-award-2017\/\" data-type=\"URL\" data-id=\"https:\/\/www.linguapax.org\/en\/matthias-brenzinger-winner-of-the-international-linguapax-award-2017\/\" target=\"_blank\" rel=\"noreferrer noopener\">Matthias Brenzinger<\/a> (Sud\u00e1frica\/Namibia).&nbsp;<\/p>\n\n\n\n<p>Daniel Tarazona (Colombia) y Clementine Humphrey (Reino Unido) apoyan nuestras redes sociales. El sitio web fue dise\u00f1ado por <a href=\"https:\/\/www.axisgraphicdesign.co.uk\" target=\"_blank\" rel=\"noreferrer noopener\">Axis Graphic Design<\/a> y <a href=\"https:\/\/www.leandaryan.com\" target=\"_blank\" rel=\"noreferrer noopener\">Leanda Ryan<\/a>.<\/p>\n\n\n\n<p>Obt\u00e9n m\u00e1s informaci\u00f3n sobre nuestros <a href=\"http:\/\/living-language-land.org\/es\/partners\/\">contribuidores, colaboradores y conexiones.<\/a>.<\/p>\n\n\n\n<p class=\"translation-block\">living-language-land es financiado por el British Council bajo el programa COP26 Creative Commissions.<\/p>\n\n\n\n<h2 class=\"wp-block-heading\"><strong>\u00bfC\u00f3mo te puedes involucrar?<\/strong><\/h2>\n\n\n\n<p>Si te inspira nuestro proyecto, nos encantar\u00eda que reflexione sobre las palabras, hable sobre ellas en sus grupos y redes, y las incorpore a su propia vida y trabajo creativo.<\/p>\n\n\n\n<p>Tu podr\u00edas:<\/p>\n\n\n\n<ul class=\"wp-block-list\"><li>Lleva las palabras a un grupo de lectura o un grupo creativo.<\/li><li>Da vida a las palabras con los estudiantes en tu sal\u00f3n de clases o grupo.<\/li><li>Organiza actividades con temas similares, para explorar palabras en los idiomas minoritarios y en peligro de extinci\u00f3n que te rodean, o palabras relacionadas con la tierra y la naturaleza que se est\u00e1n perdiendo en cualquiera de los idiomas del mundo.<\/li><\/ul>\n\n\n\n<p>Comun\u00edcate con nosotros <a href=\"http:\/\/living-language-land.org\/es\/contact\/\">a trav\u00e9s de nuestro formulario de contacto<\/a> o en las redes sociales si deseas sugerir algo o invitarnos a hablar sobre el proyecto.<\/p>\n\n\n\n<h2 class=\"wp-block-heading\">\u00a1Dime m\u00e1s!<\/h2>\n\n\n\n<p>Escucha nuestra <a href=\"https:\/\/living-language-land.org\/es\/in-the-cop26-green-zone\/\">presentaci\u00f3n de la Green Zone en la COP26<\/a> el 11\/03\/21. \u00a1Mira d\u00f3nde m\u00e1s se ha <a href=\"https:\/\/living-language-land.org\/es\/getting-the-word-out\/\">presentado el proyecto<\/a> y, por favor, ay\u00fadanos a correr la voz!<\/p>","protected":false},"excerpt":{"rendered":"<p>Statement of intent and approach living-language-land is about offering a platform to minority and endangered language-holders to share a word and story that reflects a relationship to land and nature. It is about enlarging the lexicon we can all draw from in reflecting on those relationships.\u00a0 Contributions have been invited from around the world, acknowledging [&hellip;]<\/p>\n","protected":false},"author":1,"featured_media":0,"parent":0,"menu_order":0,"comment_status":"closed","ping_status":"closed","template":"","meta":{"_acf_changed":false,"footnotes":""},"class_list":["post-8","page","type-page","status-publish","hentry"],"acf":[],"_links":{"self":[{"href":"https:\/\/living-language-land.org\/es\/wp-json\/wp\/v2\/pages\/8","targetHints":{"allow":["GET"]}}],"collection":[{"href":"https:\/\/living-language-land.org\/es\/wp-json\/wp\/v2\/pages"}],"about":[{"href":"https:\/\/living-language-land.org\/es\/wp-json\/wp\/v2\/types\/page"}],"author":[{"embeddable":true,"href":"https:\/\/living-language-land.org\/es\/wp-json\/wp\/v2\/users\/1"}],"replies":[{"embeddable":true,"href":"https:\/\/living-language-land.org\/es\/wp-json\/wp\/v2\/comments?post=8"}],"version-history":[{"count":8,"href":"https:\/\/living-language-land.org\/es\/wp-json\/wp\/v2\/pages\/8\/revisions"}],"predecessor-version":[{"id":582,"href":"https:\/\/living-language-land.org\/es\/wp-json\/wp\/v2\/pages\/8\/revisions\/582"}],"wp:attachment":[{"href":"https:\/\/living-language-land.org\/es\/wp-json\/wp\/v2\/media?parent=8"}],"curies":[{"name":"wp","href":"https:\/\/api.w.org\/{rel}","templated":true}]}}